{"id":204,"date":"2013-09-26T08:30:02","date_gmt":"2013-09-26T07:30:02","guid":{"rendered":"http:\/\/www.walpurgis-verlag.de\/Wuestenwind\/?page_id=204"},"modified":"2022-10-17T17:48:30","modified_gmt":"2022-10-17T15:48:30","slug":"partner","status":"publish","type":"page","link":"http:\/\/www.walpurgis-verlag.de\/Wuestenwind\/partner\/","title":{"rendered":"Partner"},"content":{"rendered":"<p><strong>Der B\u00fcrgerverein W\u00fcste e.V. engagiert sich f\u00fcr alle Bewohner des Osnabr\u00fccker Stadtteils W\u00fcste.<\/strong><\/p>\n<p><img decoding=\"async\" loading=\"lazy\" class=\"alignnone \" src=\"https:\/\/image.jimcdn.com\/app\/cms\/image\/transf\/dimension=780x10000:format=png\/path\/s69e532012edca383\/image\/i24a03d04c444181a\/version\/1501604571\/image.png\" width=\"235\" height=\"240\" \/><\/p>\n<p>Mehr Infos auf: <a href=\"https:\/\/www.buergerverein-wueste.de\/\">https:\/\/www.buergerverein-wueste.de\/<\/a><\/p>\n<p><strong>Die Filmproduktion Blickf\u00e4nger aus Dortmund &amp; Osnabr\u00fcck (W\u00fcste) ist unser Medienpartner:<\/strong><\/p>\n<p><img decoding=\"async\" loading=\"lazy\" class=\"alignnone size-medium wp-image-842\" src=\"http:\/\/www.walpurgis-verlag.de\/Wuestenwind\/wp-content\/uploads\/2020\/02\/blickfaenger_LOGO_WEB-300x177.jpg\" alt=\"filmproduktion dortmund osnabr\u00fcck\" width=\"300\" height=\"177\" srcset=\"http:\/\/www.walpurgis-verlag.de\/Wuestenwind\/wp-content\/uploads\/2020\/02\/blickfaenger_LOGO_WEB-300x177.jpg 300w, http:\/\/www.walpurgis-verlag.de\/Wuestenwind\/wp-content\/uploads\/2020\/02\/blickfaenger_LOGO_WEB-1024x603.jpg 1024w, http:\/\/www.walpurgis-verlag.de\/Wuestenwind\/wp-content\/uploads\/2020\/02\/blickfaenger_LOGO_WEB-768x452.jpg 768w, http:\/\/www.walpurgis-verlag.de\/Wuestenwind\/wp-content\/uploads\/2020\/02\/blickfaenger_LOGO_WEB.jpg 1208w\" sizes=\"(max-width: 300px) 100vw, 300px\" \/><\/p>\n<p>Mehr Infos auf: <a href=\"https:\/\/blickfaenger.eu\">https:\/\/blickfaenger.eu<\/a><\/p>\n","protected":false},"excerpt":{"rendered":"<p>Der B\u00fcrgerverein W\u00fcste e.V. engagiert sich f\u00fcr alle Bewohner des Osnabr\u00fccker Stadtteils W\u00fcste. Mehr Infos auf: https:\/\/www.buergerverein-wueste.de\/ Die Filmproduktion Blickf\u00e4nger aus Dortmund &amp; Osnabr\u00fcck (W\u00fcste) ist unser Medienpartner: Mehr Infos auf: https:\/\/blickfaenger.eu<\/p>\n","protected":false},"author":1,"featured_media":0,"parent":0,"menu_order":0,"comment_status":"open","ping_status":"open","template":"","meta":{"jetpack_post_was_ever_published":false},"jetpack_sharing_enabled":true,"jetpack_shortlink":"https:\/\/wp.me\/P8pSDj-3i","jetpack_likes_enabled":false,"_links":{"self":[{"href":"http:\/\/www.walpurgis-verlag.de\/Wuestenwind\/wp-json\/wp\/v2\/pages\/204"}],"collection":[{"href":"http:\/\/www.walpurgis-verlag.de\/Wuestenwind\/wp-json\/wp\/v2\/pages"}],"about":[{"href":"http:\/\/www.walpurgis-verlag.de\/Wuestenwind\/wp-json\/wp\/v2\/types\/page"}],"author":[{"embeddable":true,"href":"http:\/\/www.walpurgis-verlag.de\/Wuestenwind\/wp-json\/wp\/v2\/users\/1"}],"replies":[{"embeddable":true,"href":"http:\/\/www.walpurgis-verlag.de\/Wuestenwind\/wp-json\/wp\/v2\/comments?post=204"}],"version-history":[{"count":13,"href":"http:\/\/www.walpurgis-verlag.de\/Wuestenwind\/wp-json\/wp\/v2\/pages\/204\/revisions"}],"predecessor-version":[{"id":1231,"href":"http:\/\/www.walpurgis-verlag.de\/Wuestenwind\/wp-json\/wp\/v2\/pages\/204\/revisions\/1231"}],"wp:attachment":[{"href":"http:\/\/www.walpurgis-verlag.de\/Wuestenwind\/wp-json\/wp\/v2\/media?parent=204"}],"curies":[{"name":"wp","href":"https:\/\/api.w.org\/{rel}","templated":true}]}}