{"id":177,"date":"2013-05-30T10:24:25","date_gmt":"2013-05-30T09:24:25","guid":{"rendered":"http:\/\/www.walpurgis-verlag.de\/Wuestenwind\/?page_id=177"},"modified":"2017-01-21T10:11:25","modified_gmt":"2017-01-21T09:11:25","slug":"medien-zur-zeitung","status":"publish","type":"page","link":"http:\/\/www.walpurgis-verlag.de\/Wuestenwind\/medien-zur-zeitung\/","title":{"rendered":"Medien zur Zeitung"},"content":{"rendered":"<p>Die Sonnenauf- und Sonnenuntergangszeiten 2017 f\u00fcr die W\u00fcste finden Sie hier:<\/p>\n<p><a href=\"http:\/\/www.walpurgis-verlag.de\/Wuestenwind\/wp-content\/uploads\/2013\/05\/Sun-or-Moon-Rise_Set-Table-OS-W\u00fcste.pdf\">Sun or Moon Rise_Set Table OS-W\u00fcste<\/a><\/p>\n<p>Bitte beachten Sie: In der Tabelle ist die Sommerzeit vom 26. M\u00e4rz bis zum 29. Oktober <strong>nicht<\/strong> ber\u00fccksichtigt. In diesem Zeitraum m\u00fcssen Sie eine Stunde dazurechnen.<br \/>\nWir danken Dr. Andreas H\u00e4nel, Leiter des <a href=\"http:\/\/www.planetarium-osnabrueck.de\">Plantariums Osnabr\u00fcck<\/a> f\u00fcr die Berechnung.<\/p>\n<p>Wolfgang Timm und Heinz J. Walter im osradio 104,8, Sendung IMPULS! v. 23.05.2013:<\/p>\n<p><a href=\"http:\/\/www.walpurgis-verlag.de\/Wuestenwind\/wp-content\/uploads\/2013\/05\/2013-05-23-osradio-Mitschnitt-W\u00fcstenwind-Teil-1.mp3\">2013-05-23 osradio Mitschnitt W\u00fcstenwind Teil 1<\/a><\/p>\n<p><a href=\"http:\/\/www.walpurgis-verlag.de\/Wuestenwind\/wp-content\/uploads\/2013\/05\/2013-05-23-osradio-Mitschnitt-W\u00fcstenwind-Teil-2.mp3\">2013-05-23 osradio Mitschnitt W\u00fcstenwind Teil 2<\/a><\/p>\n<p>Der &#8222;Aktionsplan Stra\u00dfenfest&#8220; als PDF-Datei:<\/p>\n<p><a href=\"http:\/\/www.walpurgis-verlag.de\/Wuestenwind\/wp-content\/uploads\/2013\/08\/Aktionsplan-Strassenfest.pdf\">Aktionsplan Stra\u00dfenfest<\/a><\/p>\n<p>freundlicherweise zur Verf\u00fcgung gestellt von den Organisatoren des &#8222;W\u00fcstenstra\u00dfenfests&#8220;<\/p>\n<p>Das <a href=\"https:\/\/www.youtube.com\/channel\/UCwOcJpjqxBW6wATrme-DcYA\" target=\"_blank\">W\u00fcstenwindTV<\/a> finden Sie <a href=\"https:\/\/www.youtube.com\/channel\/UCwOcJpjqxBW6wATrme-DcYA\" target=\"_blank\">hier!<\/a><\/p>\n","protected":false},"excerpt":{"rendered":"<p>Die Sonnenauf- und Sonnenuntergangszeiten 2017 f\u00fcr die W\u00fcste finden Sie hier: Sun or Moon Rise_Set Table OS-W\u00fcste Bitte beachten Sie: In der Tabelle ist die Sommerzeit vom 26. M\u00e4rz bis zum 29. Oktober nicht ber\u00fccksichtigt. In diesem Zeitraum m\u00fcssen Sie eine Stunde dazurechnen. Wir danken Dr. Andreas H\u00e4nel, Leiter des Plantariums Osnabr\u00fcck f\u00fcr die Berechnung. Wolfgang Timm und Heinz J. Walter im osradio 104,8, Sendung IMPULS! v. 23.05.2013: 2013-05-23 osradio Mitschnitt W\u00fcstenwind Teil 1 2013-05-23 osradio Mitschnitt W\u00fcstenwind Teil 2 Der &#8222;Aktionsplan Stra\u00dfenfest&#8220; als PDF-Datei: Aktionsplan Stra\u00dfenfest freundlicherweise zur Verf\u00fcgung [&hellip;]<\/p>\n","protected":false},"author":1,"featured_media":0,"parent":0,"menu_order":0,"comment_status":"open","ping_status":"open","template":"","meta":{"jetpack_post_was_ever_published":false},"jetpack_sharing_enabled":true,"jetpack_shortlink":"https:\/\/wp.me\/P8pSDj-2R","jetpack_likes_enabled":false,"_links":{"self":[{"href":"http:\/\/www.walpurgis-verlag.de\/Wuestenwind\/wp-json\/wp\/v2\/pages\/177"}],"collection":[{"href":"http:\/\/www.walpurgis-verlag.de\/Wuestenwind\/wp-json\/wp\/v2\/pages"}],"about":[{"href":"http:\/\/www.walpurgis-verlag.de\/Wuestenwind\/wp-json\/wp\/v2\/types\/page"}],"author":[{"embeddable":true,"href":"http:\/\/www.walpurgis-verlag.de\/Wuestenwind\/wp-json\/wp\/v2\/users\/1"}],"replies":[{"embeddable":true,"href":"http:\/\/www.walpurgis-verlag.de\/Wuestenwind\/wp-json\/wp\/v2\/comments?post=177"}],"version-history":[{"count":11,"href":"http:\/\/www.walpurgis-verlag.de\/Wuestenwind\/wp-json\/wp\/v2\/pages\/177\/revisions"}],"predecessor-version":[{"id":411,"href":"http:\/\/www.walpurgis-verlag.de\/Wuestenwind\/wp-json\/wp\/v2\/pages\/177\/revisions\/411"}],"wp:attachment":[{"href":"http:\/\/www.walpurgis-verlag.de\/Wuestenwind\/wp-json\/wp\/v2\/media?parent=177"}],"curies":[{"name":"wp","href":"https:\/\/api.w.org\/{rel}","templated":true}]}}