{"id":130,"date":"2012-12-09T10:01:17","date_gmt":"2012-12-09T09:01:17","guid":{"rendered":"http:\/\/www.walpurgis-verlag.de\/Wuestenwind\/?page_id=130"},"modified":"2013-02-22T20:07:49","modified_gmt":"2013-02-22T19:07:49","slug":"der-fortsetzungsroman-teil-3a","status":"publish","type":"page","link":"http:\/\/www.walpurgis-verlag.de\/Wuestenwind\/der-fortsetzungsroman\/der-fortsetzungsroman-teil-2a\/der-fortsetzungsroman-teil-3a\/","title":{"rendered":"Der Fortsetzungsroman (Teil 3a)"},"content":{"rendered":"<p><em><strong>Teil 3 von Kerstin Broszat<\/strong><\/em><\/p>\n<p>In Tagtr\u00e4umen versunken lag ich in der warmen Badewanne mit meinem Lieblings-Schaumbad.<br \/>\nEs war so einfach gewesen. Endlich hatte ich die Vergangenheit begraben: Soll sie doch unter Nachbars lieblichen Rosen verrotten!<br \/>\nDurch ein lautes Klirren wurde ich abrupt aus meinem Halbschlaf gerissen. \u201eBin da \u2013 wer noch? &#8230; Martina? Bist du da? Hast Du gesehen, dass dein Vermieter endlich angefangen hat sein Unkraut zu j\u00e4ten? Die Rosenbeete scheint er schon umgegraben zu haben.\u201c<br \/>\nWie von einer Tarantel gestochen schoss ich aus dem Seifenwasser hoch, so dass es \u00fcber den Wannenrand schwappte und eine gro\u00dfe Pf\u00fctze hinterlie\u00df. Mit dem Knie stie\u00df ich auch noch unter den Wasserhahn und mir entfuhr ein lauter Schmerzensschrei, den Karsten nat\u00fcrlich geh\u00f6rt haben musste. So ein Mist! Es w\u00e4re auch zu sch\u00f6n gewesen!<br \/>\nKarsten steckte seinen Kopf durch die halb ge\u00f6ffnete Badezimmert\u00fcr und schaute mich sorgenvoll an. \u201eHey, was ist passiert?\u201c<br \/>\nSo, jetzt nur nichts anmerken lassen! \u201eTut mir leid, ich war in der Wanne eingenickt und bin einfach hochgeschreckt, als du reingekommen bist. &#8211; Was hast du gerade \u00fcber meinen Nachbarn erz\u00e4hlt?\u201c<br \/>\n\u201eSag mal, warst du bei diesem sch\u00f6nen Wetter heute noch gar nicht drau\u00dfen? Ich glaub`s ja nicht! Was hast du an deinem freien Tag denn gemacht? Also: die Erde rund um die Rosenst\u00f6cke sieht ganz frisch umgegraben aus und ich glaube auch, dass viel weniger Unkraut da ist. Hat ja auch lange genug gedauert. Du hast ja selbst vor ein paar Tagen gesagt, dass du gar nicht mehr aus dem Fenster auf das Rosenbeet schauen magst.\u201c<br \/>\nVorsichtig stieg ich aus der Wanne um nicht auch noch auszurutschen, zog mir meinen Bademantel \u00fcber und humpelte in die K\u00fcche. Von dort konnte ich einen Blick aus dem Fenster in den Garten werfen.<br \/>\n\u201eTats\u00e4chlich \u2013 du hast Recht! Das sieht wirklich wie frische Erde aus. Vielleicht hat Herr Weber ja jemanden gefunden, der seinen Garten endlich wieder pflegt. Was k\u00f6nnte man aus diesem kleinen Fleckchen Erde nicht alles machen.\u201c<br \/>\nPl\u00f6tzlich klingelte es an der T\u00fcr. Halb angezogen wie ich war mochte ich nicht \u00f6ffnen und bat Karsten nachzusehen, wer drau\u00dfen ist.<br \/>\nNach ein paar Sekunden h\u00f6re ich die Stimme meines Vermieters zu Karsten sagen: \u201eDann sagen sie Ihr doch bitte, dass ich mich sehr dar\u00fcber gefreut habe, dass ihre Partnerin sich meines Gartens angenommen hat. Ich habe es einfach bisher nicht geschafft, das Unkraut zu zupfen. Wenn sie m\u00f6chte, kann sie gerne in Zukunft einen Teil pflegen und dann nat\u00fcrlich auch selbst nutzen. Ich melde mich morgen dann noch einmal. Vielen Dank!\u201c<\/p>\n<ol>\n<p><a href=\"http:\/\/www.walpurgis-verlag.de\/Wuestenwind\/?page_id=143\"><em>hier gehts weiter mit Teil 4<\/em><\/a><\/p>\n<p><em>Sie haben literarisches Talent? Dann schreiben Sie das n\u00e4chste Kapitel und senden Ihren Text der Redaktion. Wir werden aus den Einsendungen ein neues Romanst\u00fcck ausw\u00e4hlen und die Geschichte dann in den n\u00e4chsten Ausgaben weiterf\u00fchren. Wenn sie den Hauptstrang im Magazin fortsetzen, wird Ihr Beitrag vielleicht in der n\u00e4chsten Ausgabe erscheinen. Sie k\u00f6nnen auch eine der beiden anderen Versionen fortsetzen. Diese wird dann allerdings nur im Intenet zu lesen sein.<\/em><\/ol>\n","protected":false},"excerpt":{"rendered":"<p>Teil 3 von Kerstin Broszat In Tagtr\u00e4umen versunken lag ich in der warmen Badewanne mit meinem Lieblings-Schaumbad. Es war so einfach gewesen. Endlich hatte ich die Vergangenheit begraben: Soll sie doch unter Nachbars lieblichen Rosen verrotten! Durch ein lautes Klirren wurde ich abrupt aus meinem Halbschlaf gerissen. \u201eBin da \u2013 wer noch? &#8230; Martina? Bist du da? Hast Du gesehen, dass dein Vermieter endlich angefangen hat sein Unkraut zu j\u00e4ten? Die Rosenbeete scheint er schon umgegraben zu haben.\u201c Wie von einer Tarantel gestochen schoss ich aus dem Seifenwasser hoch, so [&hellip;]<\/p>\n","protected":false},"author":1,"featured_media":0,"parent":108,"menu_order":0,"comment_status":"open","ping_status":"open","template":"","meta":{"jetpack_post_was_ever_published":false},"jetpack_sharing_enabled":true,"jetpack_shortlink":"https:\/\/wp.me\/P8pSDj-26","jetpack_likes_enabled":false,"_links":{"self":[{"href":"http:\/\/www.walpurgis-verlag.de\/Wuestenwind\/wp-json\/wp\/v2\/pages\/130"}],"collection":[{"href":"http:\/\/www.walpurgis-verlag.de\/Wuestenwind\/wp-json\/wp\/v2\/pages"}],"about":[{"href":"http:\/\/www.walpurgis-verlag.de\/Wuestenwind\/wp-json\/wp\/v2\/types\/page"}],"author":[{"embeddable":true,"href":"http:\/\/www.walpurgis-verlag.de\/Wuestenwind\/wp-json\/wp\/v2\/users\/1"}],"replies":[{"embeddable":true,"href":"http:\/\/www.walpurgis-verlag.de\/Wuestenwind\/wp-json\/wp\/v2\/comments?post=130"}],"version-history":[{"count":7,"href":"http:\/\/www.walpurgis-verlag.de\/Wuestenwind\/wp-json\/wp\/v2\/pages\/130\/revisions"}],"predecessor-version":[{"id":149,"href":"http:\/\/www.walpurgis-verlag.de\/Wuestenwind\/wp-json\/wp\/v2\/pages\/130\/revisions\/149"}],"up":[{"embeddable":true,"href":"http:\/\/www.walpurgis-verlag.de\/Wuestenwind\/wp-json\/wp\/v2\/pages\/108"}],"wp:attachment":[{"href":"http:\/\/www.walpurgis-verlag.de\/Wuestenwind\/wp-json\/wp\/v2\/media?parent=130"}],"curies":[{"name":"wp","href":"https:\/\/api.w.org\/{rel}","templated":true}]}}